{"id":10,"date":"2021-02-07T07:30:37","date_gmt":"2021-02-07T06:30:37","guid":{"rendered":"http:\/\/www.cgpmenormandie.local\/?page_id=10"},"modified":"2026-03-11T12:02:25","modified_gmt":"2026-03-11T11:02:25","slug":"https-www-cpmenormandie-fr-accueil","status":"publish","type":"page","link":"https:\/\/www.cpmenormandie.fr\/calvados\/","title":{"rendered":"Accueil"},"content":{"rendered":"","protected":false},"excerpt":{"rendered":"","protected":false},"author":1,"featured_media":0,"parent":0,"menu_order":0,"comment_status":"closed","ping_status":"closed","template":"","meta":{"_acf_changed":false,"inline_featured_image":false,"_monsterinsights_skip_tracking":false,"_monsterinsights_sitenote_active":false,"_monsterinsights_sitenote_note":"","_monsterinsights_sitenote_category":0,"footnotes":""},"class_list":["post-10","page","type-page","status-publish","hentry"],"acf":[],"yoast_head":"<!-- This site is optimized with the Yoast SEO plugin v27.5 - https:\/\/yoast.com\/product\/yoast-seo-wordpress\/ -->\n<title>Accueil - CPME Normandie<\/title>\n<meta name=\"description\" content=\"La CPME est la seule organisation patronale interprofessionnelle repr\u00e9sentative des PME et TPE patrimoniales : le patronat r\u00e9el et ind\u00e9pendant ! La CPME parle au nom de celles et ceux \u2013 chefs d\u2019entreprise \u2013 qui prennent au quotidien des risques personnels et familiaux et qui ont la volont\u00e9 de donner du sens \u00e0 leurs entreprises.\" \/>\n<meta name=\"robots\" content=\"index, follow, max-snippet:-1, max-image-preview:large, max-video-preview:-1\" \/>\n<link rel=\"canonical\" href=\"https:\/\/www.cpmenormandie.fr\/\" \/>\n<meta property=\"og:locale\" content=\"fr_FR\" \/>\n<meta property=\"og:type\" content=\"article\" \/>\n<meta property=\"og:title\" content=\"Accueil - CPME Normandie\" \/>\n<meta property=\"og:description\" content=\"La CPME est la seule organisation patronale interprofessionnelle repr\u00e9sentative des PME et TPE patrimoniales : le patronat r\u00e9el et ind\u00e9pendant ! La CPME parle au nom de celles et ceux \u2013 chefs d\u2019entreprise \u2013 qui prennent au quotidien des risques personnels et familiaux et qui ont la volont\u00e9 de donner du sens \u00e0 leurs entreprises.\" \/>\n<meta property=\"og:url\" content=\"https:\/\/www.cpmenormandie.fr\/\" \/>\n<meta property=\"og:site_name\" content=\"CPME Normandie\" \/>\n<meta property=\"article:modified_time\" content=\"2026-03-11T11:02:25+00:00\" \/>\n<meta name=\"twitter:card\" content=\"summary_large_image\" \/>\n<script type=\"application\/ld+json\" class=\"yoast-schema-graph\">{\"@context\":\"https:\\\/\\\/schema.org\",\"@graph\":[{\"@type\":\"WebPage\",\"@id\":\"https:\\\/\\\/www.cpmenormandie.fr\\\/\",\"url\":\"https:\\\/\\\/www.cpmenormandie.fr\\\/\",\"name\":\"Accueil - CPME Normandie\",\"isPartOf\":{\"@id\":\"https:\\\/\\\/www.cpmenormandie.fr\\\/#website\"},\"datePublished\":\"2021-02-07T06:30:37+00:00\",\"dateModified\":\"2026-03-11T11:02:25+00:00\",\"description\":\"La CPME est la seule organisation patronale interprofessionnelle repr\u00e9sentative des PME et TPE patrimoniales : le patronat r\u00e9el et ind\u00e9pendant ! La CPME parle au nom de celles et ceux \u2013 chefs d\u2019entreprise \u2013 qui prennent au quotidien des risques personnels et familiaux et qui ont la volont\u00e9 de donner du sens \u00e0 leurs entreprises.\",\"breadcrumb\":{\"@id\":\"https:\\\/\\\/www.cpmenormandie.fr\\\/#breadcrumb\"},\"inLanguage\":\"fr-FR\",\"potentialAction\":[{\"@type\":\"ReadAction\",\"target\":[\"https:\\\/\\\/www.cpmenormandie.fr\\\/\"]}]},{\"@type\":\"BreadcrumbList\",\"@id\":\"https:\\\/\\\/www.cpmenormandie.fr\\\/#breadcrumb\",\"itemListElement\":[{\"@type\":\"ListItem\",\"position\":1,\"name\":\"Accueil\",\"item\":\"https:\\\/\\\/www.cpmenormandie.fr\\\/\"},{\"@type\":\"ListItem\",\"position\":2,\"name\":\"Accueil\"}]},{\"@type\":\"WebSite\",\"@id\":\"https:\\\/\\\/www.cpmenormandie.fr\\\/#website\",\"url\":\"https:\\\/\\\/www.cpmenormandie.fr\\\/\",\"name\":\"CPME Normandie\",\"description\":\"\",\"potentialAction\":[{\"@type\":\"SearchAction\",\"target\":{\"@type\":\"EntryPoint\",\"urlTemplate\":\"https:\\\/\\\/www.cpmenormandie.fr\\\/?s={search_term_string}\"},\"query-input\":{\"@type\":\"PropertyValueSpecification\",\"valueRequired\":true,\"valueName\":\"search_term_string\"}}],\"inLanguage\":\"fr-FR\"}]}<\/script>\n<!-- \/ Yoast SEO plugin. -->","yoast_head_json":{"title":"Accueil - CPME Normandie","description":"La CPME est la seule organisation patronale interprofessionnelle repr\u00e9sentative des PME et TPE patrimoniales : le patronat r\u00e9el et ind\u00e9pendant ! La CPME parle au nom de celles et ceux \u2013 chefs d\u2019entreprise \u2013 qui prennent au quotidien des risques personnels et familiaux et qui ont la volont\u00e9 de donner du sens \u00e0 leurs entreprises.","robots":{"index":"index","follow":"follow","max-snippet":"max-snippet:-1","max-image-preview":"max-image-preview:large","max-video-preview":"max-video-preview:-1"},"canonical":"https:\/\/www.cpmenormandie.fr\/","og_locale":"fr_FR","og_type":"article","og_title":"Accueil - CPME Normandie","og_description":"La CPME est la seule organisation patronale interprofessionnelle repr\u00e9sentative des PME et TPE patrimoniales : le patronat r\u00e9el et ind\u00e9pendant ! La CPME parle au nom de celles et ceux \u2013 chefs d\u2019entreprise \u2013 qui prennent au quotidien des risques personnels et familiaux et qui ont la volont\u00e9 de donner du sens \u00e0 leurs entreprises.","og_url":"https:\/\/www.cpmenormandie.fr\/","og_site_name":"CPME Normandie","article_modified_time":"2026-03-11T11:02:25+00:00","twitter_card":"summary_large_image","schema":{"@context":"https:\/\/schema.org","@graph":[{"@type":"WebPage","@id":"https:\/\/www.cpmenormandie.fr\/","url":"https:\/\/www.cpmenormandie.fr\/","name":"Accueil - CPME Normandie","isPartOf":{"@id":"https:\/\/www.cpmenormandie.fr\/#website"},"datePublished":"2021-02-07T06:30:37+00:00","dateModified":"2026-03-11T11:02:25+00:00","description":"La CPME est la seule organisation patronale interprofessionnelle repr\u00e9sentative des PME et TPE patrimoniales : le patronat r\u00e9el et ind\u00e9pendant ! La CPME parle au nom de celles et ceux \u2013 chefs d\u2019entreprise \u2013 qui prennent au quotidien des risques personnels et familiaux et qui ont la volont\u00e9 de donner du sens \u00e0 leurs entreprises.","breadcrumb":{"@id":"https:\/\/www.cpmenormandie.fr\/#breadcrumb"},"inLanguage":"fr-FR","potentialAction":[{"@type":"ReadAction","target":["https:\/\/www.cpmenormandie.fr\/"]}]},{"@type":"BreadcrumbList","@id":"https:\/\/www.cpmenormandie.fr\/#breadcrumb","itemListElement":[{"@type":"ListItem","position":1,"name":"Accueil","item":"https:\/\/www.cpmenormandie.fr\/"},{"@type":"ListItem","position":2,"name":"Accueil"}]},{"@type":"WebSite","@id":"https:\/\/www.cpmenormandie.fr\/#website","url":"https:\/\/www.cpmenormandie.fr\/","name":"CPME Normandie","description":"","potentialAction":[{"@type":"SearchAction","target":{"@type":"EntryPoint","urlTemplate":"https:\/\/www.cpmenormandie.fr\/?s={search_term_string}"},"query-input":{"@type":"PropertyValueSpecification","valueRequired":true,"valueName":"search_term_string"}}],"inLanguage":"fr-FR"}]}},"_links":{"self":[{"href":"https:\/\/www.cpmenormandie.fr\/calvados\/wp-json\/wp\/v2\/pages\/10","targetHints":{"allow":["GET"]}}],"collection":[{"href":"https:\/\/www.cpmenormandie.fr\/calvados\/wp-json\/wp\/v2\/pages"}],"about":[{"href":"https:\/\/www.cpmenormandie.fr\/calvados\/wp-json\/wp\/v2\/types\/page"}],"author":[{"embeddable":true,"href":"https:\/\/www.cpmenormandie.fr\/calvados\/wp-json\/wp\/v2\/users\/1"}],"replies":[{"embeddable":true,"href":"https:\/\/www.cpmenormandie.fr\/calvados\/wp-json\/wp\/v2\/comments?post=10"}],"version-history":[{"count":131,"href":"https:\/\/www.cpmenormandie.fr\/calvados\/wp-json\/wp\/v2\/pages\/10\/revisions"}],"predecessor-version":[{"id":1235287,"href":"https:\/\/www.cpmenormandie.fr\/calvados\/wp-json\/wp\/v2\/pages\/10\/revisions\/1235287"}],"wp:attachment":[{"href":"https:\/\/www.cpmenormandie.fr\/calvados\/wp-json\/wp\/v2\/media?parent=10"}],"curies":[{"name":"wp","href":"https:\/\/api.w.org\/{rel}","templated":true}]}}