{"id":435,"date":"2019-04-17T08:22:42","date_gmt":"2019-04-17T06:22:42","guid":{"rendered":"http:\/\/www.cpmenormandie.fr\/?page_id=435"},"modified":"2019-04-17T08:22:52","modified_gmt":"2019-04-17T06:22:52","slug":"inscription-evenement","status":"publish","type":"page","link":"https:\/\/www.cpmenormandie.fr\/calvados\/inscription-evenement\/","title":{"rendered":"Inscription \u00e0 un \u00e9v\u00e9nement"},"content":{"rendered":"<div class=\"caldera-grid\" id=\"caldera_form_1\" data-cf-ver=\"1.9.7\" data-cf-form-id=\"CF5cb6c39c798df\"><div id=\"caldera_notices_1\" data-spinner=\"https:\/\/www.cpmenormandie.fr\/wp-admin\/images\/spinner.gif\"><\/div><form data-instance=\"1\" class=\"CF5cb6c39c798df caldera_forms_form cfajax-trigger\" method=\"POST\" enctype=\"multipart\/form-data\" id=\"CF5cb6c39c798df_1\" data-form-id=\"CF5cb6c39c798df\" aria-label=\"Inscription &eacute;v&eacute;nement\" data-target=\"#caldera_notices_1\" data-template=\"#cfajax_CF5cb6c39c798df-tmpl\" data-cfajax=\"CF5cb6c39c798df\" data-load-element=\"_parent\" data-load-class=\"cf_processing\" data-post-disable=\"0\" data-action=\"cf_process_ajax_submit\" data-request=\"https:\/\/www.cpmenormandie.fr\/calvados\/cf-api\/CF5cb6c39c798df\" data-hiderows=\"true\">\r\n<input type=\"hidden\" id=\"_cf_verify_CF5cb6c39c798df\" name=\"_cf_verify\" value=\"b936475c41\"  data-nonce-time=\"1778725342\" \/><input type=\"hidden\" name=\"_wp_http_referer\" value=\"\/calvados\/wp-json\/wp\/v2\/pages\/435\" \/><div id=\"cf2-CF5cb6c39c798df_1\"><\/div><input type=\"hidden\" name=\"_cf_frm_id\" value=\"CF5cb6c39c798df\">\r\n<input type=\"hidden\" name=\"_cf_frm_ct\" value=\"1\">\r\n<input type=\"hidden\" name=\"cfajax\" value=\"CF5cb6c39c798df\">\r\n<input type=\"hidden\" name=\"_cf_cr_pst\" value=\"435\">\r\n<div class=\"hide\" style=\"display:none; overflow:hidden;height:0;width:0;\">\r\n<label>Twitter<\/label><input type=\"text\" name=\"twitter\" value=\"\" autocomplete=\"off\">\r\n<\/div><div id=\"CF5cb6c39c798df_1-row-1\"  class=\"row  first_row\"><div  class=\"col-sm-6  first_col\"><div data-field-wrapper=\"fld_6892512\" class=\"form-group\" id=\"fld_6892512_1-wrap\">\r\n\t<label id=\"fld_6892512Label\" for=\"fld_6892512_1\" class=\"control-label\">Nom <span aria-hidden=\"true\" role=\"presentation\" class=\"field_required\" style=\"color:#ee0000;\">*<\/span><\/label>\r\n\t<div class=\"\">\r\n\t\t<input   required type=\"text\" data-field=\"fld_6892512\" class=\" form-control\" id=\"fld_6892512_1\" name=\"fld_6892512\" value=\"\" data-type=\"text\" aria-required=\"true\"   aria-labelledby=\"fld_6892512Label\" >\t\t\t<\/div>\r\n<\/div>\r\n<\/div><div  class=\"col-sm-6  last_col\"><div data-field-wrapper=\"fld_185917\" class=\"form-group\" id=\"fld_185917_1-wrap\">\r\n\t<label id=\"fld_185917Label\" for=\"fld_185917_1\" class=\"control-label\">Pr\u00e9nom <span aria-hidden=\"true\" role=\"presentation\" class=\"field_required\" style=\"color:#ee0000;\">*<\/span><\/label>\r\n\t<div class=\"\">\r\n\t\t<input   required type=\"text\" data-field=\"fld_185917\" class=\" form-control\" id=\"fld_185917_1\" name=\"fld_185917\" value=\"\" data-type=\"text\" aria-required=\"true\"   aria-labelledby=\"fld_185917Label\" >\t\t\t<\/div>\r\n<\/div>\r\n<\/div><\/div><div id=\"CF5cb6c39c798df_1-row-2\"  class=\"row \"><div  class=\"col-sm-6  first_col\"><div data-field-wrapper=\"fld_2254781\" class=\"form-group\" id=\"fld_2254781_1-wrap\">\r\n\t<label id=\"fld_2254781Label\" for=\"fld_2254781_1\" class=\"control-label\">T\u00e9l\u00e9phone <span aria-hidden=\"true\" role=\"presentation\" class=\"field_required\" style=\"color:#ee0000;\">*<\/span><\/label>\r\n\t<div class=\"\">\r\n\t\t<input  data-inputmask=\"'mask': '99 99 99 99 99'\"  required type=\"phone\" data-field=\"fld_2254781\" class=\" form-control\" id=\"fld_2254781_1\" name=\"fld_2254781\" value=\"\" data-type=\"phone\" aria-required=\"true\"   aria-labelledby=\"fld_2254781Label\" >\t\t\t<\/div>\r\n<\/div>\r\n<\/div><div  class=\"col-sm-6  last_col\"><div data-field-wrapper=\"fld_7900587\" class=\"form-group\" id=\"fld_7900587_1-wrap\">\r\n\t<label id=\"fld_7900587Label\" for=\"fld_7900587_1\" class=\"control-label\">Adresse de messagerie <span aria-hidden=\"true\" role=\"presentation\" class=\"field_required\" style=\"color:#ee0000;\">*<\/span><\/label>\r\n\t<div class=\"\">\r\n\t\t<input   required type=\"email\" data-field=\"fld_7900587\" class=\" form-control\" id=\"fld_7900587_1\" name=\"fld_7900587\" value=\"\" data-type=\"email\" aria-required=\"true\"   aria-labelledby=\"fld_7900587Label\" >\t\t\t<\/div>\r\n<\/div>\r\n<\/div><\/div><div id=\"CF5cb6c39c798df_1-row-3\"  class=\"row \"><div  class=\"col-sm-12  single\"><div data-field-wrapper=\"fld_9159982\" class=\"form-group\" id=\"fld_9159982_1-wrap\">\r\n\t<label id=\"fld_9159982Label\" for=\"fld_9159982_1\" class=\"control-label\">Raison sociale <span aria-hidden=\"true\" role=\"presentation\" class=\"field_required\" style=\"color:#ee0000;\">*<\/span><\/label>\r\n\t<div class=\"\">\r\n\t\t<input   required type=\"text\" data-field=\"fld_9159982\" class=\" form-control\" id=\"fld_9159982_1\" name=\"fld_9159982\" value=\"\" data-type=\"text\" aria-required=\"true\"   aria-labelledby=\"fld_9159982Label\" >\t\t\t<\/div>\r\n<\/div>\r\n<\/div><\/div><div id=\"CF5cb6c39c798df_1-row-4\"  class=\"row \"><div  class=\"col-sm-6  first_col\"><div data-field-wrapper=\"fld_4279409\" class=\"form-group\" id=\"fld_4279409_1-wrap\">\r\n\t<label id=\"fld_4279409Label\" for=\"fld_4279409_1\" class=\"control-label\">Code Postal <span aria-hidden=\"true\" role=\"presentation\" class=\"field_required\" style=\"color:#ee0000;\">*<\/span><\/label>\r\n\t<div class=\"\">\r\n\t\t<input   required type=\"text\" data-field=\"fld_4279409\" class=\" form-control\" id=\"fld_4279409_1\" name=\"fld_4279409\" value=\"\" data-type=\"text\" aria-required=\"true\"   aria-labelledby=\"fld_4279409Label\" >\t\t\t<\/div>\r\n<\/div>\r\n<\/div><div  class=\"col-sm-6  last_col\"><div data-field-wrapper=\"fld_7383114\" class=\"form-group\" id=\"fld_7383114_1-wrap\">\r\n\t<label id=\"fld_7383114Label\" for=\"fld_7383114_1\" class=\"control-label\">Ville <span aria-hidden=\"true\" role=\"presentation\" class=\"field_required\" style=\"color:#ee0000;\">*<\/span><\/label>\r\n\t<div class=\"\">\r\n\t\t<input   required type=\"text\" data-field=\"fld_7383114\" class=\" form-control\" id=\"fld_7383114_1\" name=\"fld_7383114\" value=\"\" data-type=\"text\" aria-required=\"true\"   aria-labelledby=\"fld_7383114Label\" >\t\t\t<\/div>\r\n<\/div>\r\n<\/div><\/div><div id=\"CF5cb6c39c798df_1-row-5\"  class=\"row  last_row\"><div  class=\"col-sm-12  single\"><div data-field-wrapper=\"fld_6746283\" class=\"form-group\" id=\"fld_6746283_1-wrap\">\r\n<label id=\"fld_6746283Label\" for=\"fld_6746283_1\" class=\"control-label\">Adh\u00e9rent <span aria-hidden=\"true\" role=\"presentation\" class=\"field_required\" style=\"color:#ee0000;\">*<\/span><\/label>\r\n<div class=\"\">\r\n\t\t\t\t<label class=\"radio-inline\" data-label=\"Oui\" for=\"fld_6746283_1_opt1460169\"><input type=\"radio\" id=\"fld_6746283_1_opt1460169\" data-field=\"fld_6746283\" class=\"fld_6746283_1 option-required\" name=\"fld_6746283\" value=\"Oui\"   required=\"required\" data-radio-field=\"fld_6746283_1\" data-type=\"radio\" data-calc-value=\"Oui\" \/>\n\t\t\tOui\t\t<\/label>\n\t\t\t\t\t\t\t\t<label class=\"radio-inline\" data-label=\"Non\" for=\"fld_6746283_1_opt1235560\"><input type=\"radio\" id=\"fld_6746283_1_opt1235560\" data-field=\"fld_6746283\" class=\"fld_6746283_1 option-required\" name=\"fld_6746283\" value=\"Non\"   required=\"required\" data-radio-field=\"fld_6746283_1\" data-type=\"radio\" data-calc-value=\"Non\" \/>\n\t\t\tNon\t\t<\/label>\n\t\t\t\t<\/div>\r\n<\/div>\r\n<div data-field-wrapper=\"fld_6496615\" class=\"form-group\" id=\"fld_6496615_1-wrap\">\r\n\t<label id=\"fld_6496615Label\" for=\"fld_6496615_1\" class=\"control-label\">Nombre de participants <span aria-hidden=\"true\" role=\"presentation\" class=\"field_required\" style=\"color:#ee0000;\">*<\/span><\/label>\r\n\t<div class=\"\">\r\n\t\t<input   required type=\"number\" data-field=\"fld_6496615\" class=\" form-control\" id=\"fld_6496615_1\" name=\"fld_6496615\" value=\"1\" data-type=\"number\" min=\"1\" step=\"1\" data-parsley-type=\"number\" aria-required=\"true\"   aria-labelledby=\"fld_6496615Label\" >\t\t\t<\/div>\r\n<\/div>\r\n<div data-field-wrapper=\"fld_7580933\" class=\"form-group\" id=\"fld_7580933_1-wrap\">\r\n\t<label id=\"fld_7580933Label\" for=\"fld_7580933_1\" class=\"control-label\">Ev\u00e9nement <span aria-hidden=\"true\" role=\"presentation\" class=\"field_required\" style=\"color:#ee0000;\">*<\/span><\/label>\r\n\t<div class=\"\">\r\n\t\t<select name=\"fld_7580933\" value=\"\" data-field=\"fld_7580933\" class=\"form-control\" id=\"fld_7580933_1\"  required=\"required\"  aria-labelledby=\"fld_7580933Label\" >\n\t\t<option value=\"\"><\/option>\r\n\t\t\t\t\t<option value=\"1272161\"  data-calc-value=\"1272161\" >\n\t\t\t\t\t\tD\u00e9jeuner entre entrepreneurs\t\t\t\t\t<\/option>\n\t\t\t\t\t\t\t\t\t\t<option value=\"1982649\"  data-calc-value=\"1982649\" >\n\t\t\t\t\t\tWebinaire : transformer le Made In France en levier business\t\t\t\t\t<\/option>\n\t\t\t\t\t\t\t\t\t\t<option value=\"1400232\"  data-calc-value=\"1400232\" >\n\t\t\t\t\t\tVisite d&#039;entreprise : La Maison du Biscuit\t\t\t\t\t<\/option>\n\t\t\t\t\t\t\t\t\t\t<option value=\"1860543\"  data-calc-value=\"1860543\" >\n\t\t\t\t\t\tD\u00e9mystifier la crypto, l&#039;expertise d&#039;une banque\t\t\t\t\t<\/option>\n\t\t\t\t\t\t\t\t\t\t<option value=\"1260537\"  data-calc-value=\"1260537\" >\n\t\t\t\t\t\tCaf\u00e9 Conseils Pont Audemer : Rencontre dirigeants et focus sur la facture \u00e9lectronique\t\t\t\t\t<\/option>\n\t\t\t\t\t\t\t\t\t\t<option value=\"1844235\"  data-calc-value=\"1844235\" >\n\t\t\t\t\t\tRandonn\u00e9e \u00e0 Jumi\u00e8ges\t\t\t\t\t<\/option>\n\t\t\t\t\t\t\t\t\t\t<option value=\"1949221\"  data-calc-value=\"1949221\" >\n\t\t\t\t\t\tCoffee Time \u00e0 la Cravate Solidaire\t\t\t\t\t<\/option>\n\t\t\t\t\t\t\t\t\t\t<option value=\"1264044\"  data-calc-value=\"1264044\" >\n\t\t\t\t\t\t27\u00e8me EDITION DU CROSS ET VILLAGE ENTREPRISES DE L&#039;EPIDE DE VAL DE REUIL\t\t\t\t\t<\/option>\n\t\t\t\t\t\t\t\t\t\t<option value=\"1268011\"  data-calc-value=\"1268011\" >\n\t\t\t\t\t\tLES RENCONTRES DE L&#039;ENGAGEMENT 2EME EDITION\t\t\t\t\t<\/option>\n\t\t\t\t\t\t\t\t\t\t<option value=\"1552571\"  data-calc-value=\"1552571\" >\n\t\t\t\t\t\tD\u00e9j&#039; des entrepreneurs \u00e0 Coutances\t\t\t\t\t<\/option>\n\t\t\t\t\t\t\t\t\t\t<option value=\"1270808\"  data-calc-value=\"1270808\" >\n\t\t\t\t\t\tJourn\u00e9e Sant\u00e9 Vous Bien\t\t\t\t\t<\/option>\n\t\t\t\t\t\t\t\t\t\t<option value=\"1844595\"  data-calc-value=\"1844595\" >\n\t\t\t\t\t\tAfterwork au Medical Training Center\t\t\t\t\t<\/option>\n\t\t\t\t\t\t\t\t\t\t<option value=\"1552764\"  data-calc-value=\"1552764\" >\n\t\t\t\t\t\tLa Grande Assembl\u00e9e des Entrepreneurs\t\t\t\t\t<\/option>\n\t\t\t\t\t\t\t\t\t\t<option value=\"1985212\"  data-calc-value=\"1985212\" >\n\t\t\t\t\t\t1er et 2 juillet : Festival des Entrepreneurs\t\t\t\t\t<\/option>\n\t\t\t\t\t\t\t<\/select>\n\t\t\t<\/div>\r\n<\/div>\r\n<div data-field-wrapper=\"fld_4089741\" class=\"form-group\" id=\"fld_4089741_1-wrap\">\r\n\t<label id=\"fld_4089741Label\" for=\"fld_4089741_1\" class=\"control-label\">Commentaires<\/label>\r\n\t<div class=\"\">\r\n\t\t<textarea name=\"fld_4089741\" value=\"\" data-field=\"fld_4089741\" class=\"form-control\" id=\"fld_4089741_1\" rows=\"4\"    aria-labelledby=\"fld_4089741Label\" ><\/textarea>\n\t\t\t<\/div>\r\n<\/div>\r\n<div class=\"caldera-custom-submit\"><p><button class=\"-primary\" type=\"submit\">Inscription<\/button><\/p>\n<\/div><\/div><\/div><\/form>\r\n<\/div>\r\n\n","protected":false},"excerpt":{"rendered":"","protected":false},"author":1,"featured_media":0,"parent":0,"menu_order":0,"comment_status":"closed","ping_status":"closed","template":"","meta":{"_acf_changed":false,"inline_featured_image":false,"_monsterinsights_skip_tracking":false,"_monsterinsights_sitenote_active":false,"_monsterinsights_sitenote_note":"","_monsterinsights_sitenote_category":0,"footnotes":""},"class_list":["post-435","page","type-page","status-publish","hentry"],"acf":[],"yoast_head":"<!-- This site is optimized with the Yoast SEO plugin v27.5 - https:\/\/yoast.com\/product\/yoast-seo-wordpress\/ -->\n<title>Inscription \u00e0 un \u00e9v\u00e9nement - CPME Normandie<\/title>\n<meta name=\"robots\" content=\"index, follow, max-snippet:-1, max-image-preview:large, max-video-preview:-1\" \/>\n<link rel=\"canonical\" href=\"https:\/\/www.cpmenormandie.fr\/inscription-evenement\/\" \/>\n<meta property=\"og:locale\" content=\"fr_FR\" \/>\n<meta property=\"og:type\" content=\"article\" \/>\n<meta property=\"og:title\" content=\"Inscription \u00e0 un \u00e9v\u00e9nement - CPME Normandie\" \/>\n<meta property=\"og:url\" content=\"https:\/\/www.cpmenormandie.fr\/inscription-evenement\/\" \/>\n<meta property=\"og:site_name\" content=\"CPME Normandie\" \/>\n<meta property=\"article:modified_time\" content=\"2019-04-17T06:22:52+00:00\" \/>\n<meta name=\"twitter:card\" content=\"summary_large_image\" \/>\n<script type=\"application\/ld+json\" class=\"yoast-schema-graph\">{\"@context\":\"https:\\\/\\\/schema.org\",\"@graph\":[{\"@type\":\"WebPage\",\"@id\":\"https:\\\/\\\/www.cpmenormandie.fr\\\/inscription-evenement\\\/\",\"url\":\"https:\\\/\\\/www.cpmenormandie.fr\\\/inscription-evenement\\\/\",\"name\":\"Inscription \u00e0 un \u00e9v\u00e9nement - CPME Normandie\",\"isPartOf\":{\"@id\":\"https:\\\/\\\/www.cpmenormandie.fr\\\/#website\"},\"datePublished\":\"2019-04-17T06:22:42+00:00\",\"dateModified\":\"2019-04-17T06:22:52+00:00\",\"breadcrumb\":{\"@id\":\"https:\\\/\\\/www.cpmenormandie.fr\\\/inscription-evenement\\\/#breadcrumb\"},\"inLanguage\":\"fr-FR\",\"potentialAction\":[{\"@type\":\"ReadAction\",\"target\":[\"https:\\\/\\\/www.cpmenormandie.fr\\\/inscription-evenement\\\/\"]}]},{\"@type\":\"BreadcrumbList\",\"@id\":\"https:\\\/\\\/www.cpmenormandie.fr\\\/inscription-evenement\\\/#breadcrumb\",\"itemListElement\":[{\"@type\":\"ListItem\",\"position\":1,\"name\":\"Accueil\",\"item\":\"https:\\\/\\\/www.cpmenormandie.fr\\\/\"},{\"@type\":\"ListItem\",\"position\":2,\"name\":\"Inscription \u00e0 un \u00e9v\u00e9nement\"}]},{\"@type\":\"WebSite\",\"@id\":\"https:\\\/\\\/www.cpmenormandie.fr\\\/#website\",\"url\":\"https:\\\/\\\/www.cpmenormandie.fr\\\/\",\"name\":\"CPME Normandie\",\"description\":\"\",\"potentialAction\":[{\"@type\":\"SearchAction\",\"target\":{\"@type\":\"EntryPoint\",\"urlTemplate\":\"https:\\\/\\\/www.cpmenormandie.fr\\\/?s={search_term_string}\"},\"query-input\":{\"@type\":\"PropertyValueSpecification\",\"valueRequired\":true,\"valueName\":\"search_term_string\"}}],\"inLanguage\":\"fr-FR\"}]}<\/script>\n<!-- \/ Yoast SEO plugin. -->","yoast_head_json":{"title":"Inscription \u00e0 un \u00e9v\u00e9nement - CPME Normandie","robots":{"index":"index","follow":"follow","max-snippet":"max-snippet:-1","max-image-preview":"max-image-preview:large","max-video-preview":"max-video-preview:-1"},"canonical":"https:\/\/www.cpmenormandie.fr\/inscription-evenement\/","og_locale":"fr_FR","og_type":"article","og_title":"Inscription \u00e0 un \u00e9v\u00e9nement - CPME Normandie","og_url":"https:\/\/www.cpmenormandie.fr\/inscription-evenement\/","og_site_name":"CPME Normandie","article_modified_time":"2019-04-17T06:22:52+00:00","twitter_card":"summary_large_image","schema":{"@context":"https:\/\/schema.org","@graph":[{"@type":"WebPage","@id":"https:\/\/www.cpmenormandie.fr\/inscription-evenement\/","url":"https:\/\/www.cpmenormandie.fr\/inscription-evenement\/","name":"Inscription \u00e0 un \u00e9v\u00e9nement - CPME Normandie","isPartOf":{"@id":"https:\/\/www.cpmenormandie.fr\/#website"},"datePublished":"2019-04-17T06:22:42+00:00","dateModified":"2019-04-17T06:22:52+00:00","breadcrumb":{"@id":"https:\/\/www.cpmenormandie.fr\/inscription-evenement\/#breadcrumb"},"inLanguage":"fr-FR","potentialAction":[{"@type":"ReadAction","target":["https:\/\/www.cpmenormandie.fr\/inscription-evenement\/"]}]},{"@type":"BreadcrumbList","@id":"https:\/\/www.cpmenormandie.fr\/inscription-evenement\/#breadcrumb","itemListElement":[{"@type":"ListItem","position":1,"name":"Accueil","item":"https:\/\/www.cpmenormandie.fr\/"},{"@type":"ListItem","position":2,"name":"Inscription \u00e0 un \u00e9v\u00e9nement"}]},{"@type":"WebSite","@id":"https:\/\/www.cpmenormandie.fr\/#website","url":"https:\/\/www.cpmenormandie.fr\/","name":"CPME Normandie","description":"","potentialAction":[{"@type":"SearchAction","target":{"@type":"EntryPoint","urlTemplate":"https:\/\/www.cpmenormandie.fr\/?s={search_term_string}"},"query-input":{"@type":"PropertyValueSpecification","valueRequired":true,"valueName":"search_term_string"}}],"inLanguage":"fr-FR"}]}},"_links":{"self":[{"href":"https:\/\/www.cpmenormandie.fr\/calvados\/wp-json\/wp\/v2\/pages\/435","targetHints":{"allow":["GET"]}}],"collection":[{"href":"https:\/\/www.cpmenormandie.fr\/calvados\/wp-json\/wp\/v2\/pages"}],"about":[{"href":"https:\/\/www.cpmenormandie.fr\/calvados\/wp-json\/wp\/v2\/types\/page"}],"author":[{"embeddable":true,"href":"https:\/\/www.cpmenormandie.fr\/calvados\/wp-json\/wp\/v2\/users\/1"}],"replies":[{"embeddable":true,"href":"https:\/\/www.cpmenormandie.fr\/calvados\/wp-json\/wp\/v2\/comments?post=435"}],"version-history":[{"count":1,"href":"https:\/\/www.cpmenormandie.fr\/calvados\/wp-json\/wp\/v2\/pages\/435\/revisions"}],"predecessor-version":[{"id":436,"href":"https:\/\/www.cpmenormandie.fr\/calvados\/wp-json\/wp\/v2\/pages\/435\/revisions\/436"}],"wp:attachment":[{"href":"https:\/\/www.cpmenormandie.fr\/calvados\/wp-json\/wp\/v2\/media?parent=435"}],"curies":[{"name":"wp","href":"https:\/\/api.w.org\/{rel}","templated":true}]}}